{"id":29086,"date":"2025-05-14T17:43:48","date_gmt":"2025-05-14T15:43:48","guid":{"rendered":"https:\/\/www.hispalicapropiedades.com\/?page_id=29086"},"modified":"2025-08-04T12:23:44","modified_gmt":"2025-08-04T10:23:44","slug":"politique-de-cookies","status":"publish","type":"page","link":"https:\/\/www.hispalicapropiedades.com\/fr\/politique-de-cookies\/","title":{"rendered":"Politique de Cookies"},"content":{"rendered":"<p class=\"\" data-start=\"6999\" data-end=\"7284\"><strong data-start=\"6999\" data-end=\"7090\">Bienvenue dans la POLITIQUE DE COOKIES du site web de l\u2019entit\u00e9 Hispalica Propiedades SL<\/strong>, titulaire du NIF B10653004, o\u00f9 nous vous expliquerons dans un langage clair et simple tout ce qu\u2019il faut savoir pour garder le contr\u00f4le sur leur utilisation selon vos pr\u00e9f\u00e9rences personnelles.<\/p>\n<h3 class=\"\" data-start=\"7286\" data-end=\"7343\">QUE SONT LES COOKIES ET POURQUOI LES UTILISONS-NOUS ?<\/h3>\n<p class=\"\" data-start=\"7345\" data-end=\"7493\">Un cookie est un petit fichier de donn\u00e9es qui est stock\u00e9 sur votre ordinateur, smartphone ou tablette \u00e0 chaque fois que vous visitez notre site web.<\/p>\n<p class=\"\" data-start=\"7495\" data-end=\"7789\">En principe, un cookie est inoffensif : il ne contient pas de virus, de chevaux de Troie, de vers, etc., mais il peut affecter votre droit \u00e0 la protection des donn\u00e9es personnelles, puisqu\u2019il collecte certaines informations vous concernant (habitudes de navigation, identit\u00e9, pr\u00e9f\u00e9rences, etc.).<\/p>\n<p class=\"\" data-start=\"7791\" data-end=\"7996\">C\u2019est pourquoi, conform\u00e9ment \u00e0 la l\u00e9gislation applicable (LSSI et r\u00e8glementation actuelle sur la protection des donn\u00e9es), l\u2019activation de certains types de cookies n\u00e9cessitera votre autorisation pr\u00e9alable.<\/p>\n<p class=\"\" data-start=\"7998\" data-end=\"8113\">Avant cela, nous vous fournirons des informations compl\u00e9mentaires pour vous aider \u00e0 prendre une d\u00e9cision \u00e9clair\u00e9e :<\/p>\n<ol data-start=\"8115\" data-end=\"8187\">\n<li class=\"\" data-start=\"8115\" data-end=\"8187\">\n<p class=\"\" data-start=\"8118\" data-end=\"8187\"><strong data-start=\"8118\" data-end=\"8187\">Les cookies peuvent \u00eatre de plusieurs types selon leur finalit\u00e9 :<\/strong><\/p>\n<\/li>\n<\/ol>\n<ul data-start=\"8189\" data-end=\"8664\">\n<li class=\"\" data-start=\"8189\" data-end=\"8308\">\n<p class=\"\" data-start=\"8191\" data-end=\"8308\"><strong data-start=\"8191\" data-end=\"8217\">Les cookies techniques<\/strong> sont n\u00e9cessaires au fonctionnement de notre site web et sont les seuls activ\u00e9s par d\u00e9faut.<\/p>\n<\/li>\n<li class=\"\" data-start=\"8309\" data-end=\"8664\">\n<p class=\"\" data-start=\"8311\" data-end=\"8664\">Les autres cookies permettent d\u2019am\u00e9liorer notre site, de le personnaliser selon vos pr\u00e9f\u00e9rences ou de vous afficher des publicit\u00e9s en accord avec vos recherches et centres d\u2019int\u00e9r\u00eat. Vous pouvez accepter tous ces cookies en cliquant sur le bouton ACCEPTER, les refuser en cliquant sur REFUSER ou les configurer dans la section CONFIGURATION DES COOKIES.<\/p>\n<\/li>\n<\/ul>\n<ol start=\"2\" data-start=\"8666\" data-end=\"8984\">\n<li class=\"\" data-start=\"8666\" data-end=\"8984\">\n<p class=\"\" data-start=\"8669\" data-end=\"8984\"><strong data-start=\"8669\" data-end=\"8858\">Certains cookies sont les n\u00f4tres (cookies internes), d\u2019autres appartiennent \u00e0 des soci\u00e9t\u00e9s tierces fournissant des services \u00e0 notre site web (cookies tiers, par exemple ceux de Google).<\/strong> \u00c0 cet \u00e9gard, il est important de savoir que certains de ces fournisseurs externes peuvent \u00eatre situ\u00e9s en dehors de l\u2019Espagne.<\/p>\n<\/li>\n<\/ol>\n<p class=\"\" data-start=\"8986\" data-end=\"9652\">\u00c0 l\u2019\u00e9chelle mondiale, tous les pays n\u2019offrent pas le m\u00eame niveau de protection des donn\u00e9es \u2014 certains sont plus s\u00fbrs que d\u2019autres (par exemple, l\u2019Union europ\u00e9enne est un environnement s\u00fbr pour vos donn\u00e9es). Notre politique consiste \u00e0 travailler avec des fournisseurs fiables qui, qu\u2019ils soient situ\u00e9s ou non dans l\u2019Union europ\u00e9enne, ont adopt\u00e9 des garanties ad\u00e9quates pour prot\u00e9ger vos informations personnelles. Vous pourrez consulter les politiques de confidentialit\u00e9 de chaque fournisseur tiers dans la section <strong data-start=\"9500\" data-end=\"9575\">QUELS TYPES DE COOKIES UTILISONS-NOUS ACTUELLEMENT SUR NOTRE SITE WEB ?<\/strong> et ainsi d\u00e9cider d\u2019activer ou non les cookies tiers utilis\u00e9s par notre site.<\/p>\n<ol start=\"3\" data-start=\"9654\" data-end=\"9738\">\n<li class=\"\" data-start=\"9654\" data-end=\"9738\">\n<p class=\"\" data-start=\"9657\" data-end=\"9738\"><strong data-start=\"9657\" data-end=\"9738\">Enfin, selon leur dur\u00e9e de stockage, les cookies peuvent \u00eatre de deux types :<\/strong><\/p>\n<\/li>\n<\/ol>\n<ul data-start=\"9740\" data-end=\"9956\">\n<li class=\"\" data-start=\"9740\" data-end=\"9828\">\n<p class=\"\" data-start=\"9742\" data-end=\"9828\"><strong data-start=\"9742\" data-end=\"9766\">Cookies de session :<\/strong> expirent automatiquement lorsque vous fermez votre session.<\/p>\n<\/li>\n<li class=\"\" data-start=\"9829\" data-end=\"9956\">\n<p class=\"\" data-start=\"9831\" data-end=\"9956\"><strong data-start=\"9831\" data-end=\"9856\">Cookies persistants :<\/strong> restent sur votre appareil pendant une p\u00e9riode d\u00e9termin\u00e9e (de quelques minutes \u00e0 plusieurs ann\u00e9es).<\/p>\n<\/li>\n<\/ul>\n<h3 class=\"\" data-start=\"9963\" data-end=\"10021\">QUELS TYPES DE COOKIES UTILISONS-NOUS SUR NOTRE SITE ?<\/h3>\n<p class=\"\" data-start=\"10023\" data-end=\"10099\">\n<div class=\"_tableContainer_16hzy_1\">\n<div class=\"_tableWrapper_16hzy_14 group flex w-fit flex-col-reverse\" tabindex=\"-1\">\n<table class=\"w-fit min-w-(--thread-content-width)\" data-start=\"10101\" data-end=\"10460\">\n<thead data-start=\"10101\" data-end=\"10220\">\n<tr data-start=\"10101\" data-end=\"10220\">\n<th data-start=\"10101\" data-end=\"10118\" data-col-size=\"sm\">Type de cookie<\/th>\n<th data-start=\"10118\" data-end=\"10129\" data-col-size=\"sm\">Finalit\u00e9<\/th>\n<th data-start=\"10129\" data-end=\"10188\" data-col-size=\"md\">Responsable et lien vers sa politique de confidentialit\u00e9<\/th>\n<th data-start=\"10188\" data-end=\"10220\" data-col-size=\"sm\">Dur\u00e9e (session \/ persistant)<\/th>\n<\/tr>\n<\/thead>\n<tbody data-start=\"10341\" data-end=\"10460\">\n<tr data-start=\"10341\" data-end=\"10460\">\n<td data-start=\"10341\" data-end=\"10358\" data-col-size=\"sm\"><\/td>\n<td data-col-size=\"sm\" data-start=\"10358\" data-end=\"10371\"><\/td>\n<td data-col-size=\"md\" data-start=\"10371\" data-end=\"10428\"><\/td>\n<td data-col-size=\"sm\" data-start=\"10428\" data-end=\"10460\"><\/td>\n<\/tr>\n<\/tbody>\n<\/table>\n<div class=\"sticky end-(--thread-content-margin) h-0 self-end select-none\">\n<div class=\"absolute end-0 flex items-end\"><\/div>\n<\/div>\n<\/div>\n<\/div>\n<h3 class=\"\" data-start=\"10467\" data-end=\"10511\">QUE POUVEZ-VOUS FAIRE AVEC LES COOKIES ?<\/h3>\n<p class=\"\" data-start=\"10513\" data-end=\"10570\">D\u00e8s votre premi\u00e8re visite, une fen\u00eatre vous informe que :<\/p>\n<ul data-start=\"10572\" data-end=\"10733\">\n<li class=\"\" data-start=\"10572\" data-end=\"10640\">\n<p class=\"\" data-start=\"10574\" data-end=\"10640\"><strong data-start=\"10574\" data-end=\"10600\">Les cookies techniques<\/strong> sont n\u00e9cessaires et activ\u00e9s par d\u00e9faut.<\/p>\n<\/li>\n<li class=\"\" data-start=\"10641\" data-end=\"10733\">\n<p class=\"\" data-start=\"10643\" data-end=\"10733\"><strong data-start=\"10643\" data-end=\"10665\">Les autres cookies<\/strong> peuvent \u00eatre accept\u00e9s, refus\u00e9s ou configur\u00e9s selon vos pr\u00e9f\u00e9rences.<\/p>\n<\/li>\n<\/ul>\n<p class=\"\" data-start=\"10735\" data-end=\"10897\">Vous pouvez les d\u00e9sactiver \u00e0 tout moment via la section CONFIGURATION DES COOKIES de notre site. Il est tout aussi simple d\u2019activer que de d\u00e9sactiver ces cookies.<\/p>\n<p class=\"\" data-start=\"10899\" data-end=\"11050\">Vous pouvez aussi les g\u00e9rer via les param\u00e8tres de votre navigateur, mais le blocage des cookies techniques peut affecter le bon fonctionnement du site.<\/p>\n<p class=\"\" data-start=\"11052\" data-end=\"11185\">Enfin, pour les cookies tiers, vous pouvez les d\u00e9sactiver via votre navigateur ou directement via les syst\u00e8mes fournis par ces tiers.<\/p>\n","protected":false},"excerpt":{"rendered":"<p>Bienvenue dans la POLITIQUE DE COOKIES du site web de l\u2019entit\u00e9 Hispalica Propiedades SL, titulaire du NIF B10653004, o\u00f9 nous vous expliquerons dans un langage clair et simple tout ce qu\u2019il faut savoir pour garder le contr\u00f4le sur leur utilisation selon vos pr\u00e9f\u00e9rences personnelles. QUE SONT LES COOKIES ET POURQUOI LES UTILISONS-NOUS ? Un cookie [&hellip;]<\/p>\n","protected":false},"author":2,"featured_media":0,"parent":0,"menu_order":0,"comment_status":"closed","ping_status":"closed","template":"","meta":{"footnotes":""},"acf":[],"_links":{"self":[{"href":"https:\/\/www.hispalicapropiedades.com\/fr\/wp-json\/wp\/v2\/pages\/29086"}],"collection":[{"href":"https:\/\/www.hispalicapropiedades.com\/fr\/wp-json\/wp\/v2\/pages"}],"about":[{"href":"https:\/\/www.hispalicapropiedades.com\/fr\/wp-json\/wp\/v2\/types\/page"}],"author":[{"embeddable":true,"href":"https:\/\/www.hispalicapropiedades.com\/fr\/wp-json\/wp\/v2\/users\/2"}],"replies":[{"embeddable":true,"href":"https:\/\/www.hispalicapropiedades.com\/fr\/wp-json\/wp\/v2\/comments?post=29086"}],"version-history":[{"count":2,"href":"https:\/\/www.hispalicapropiedades.com\/fr\/wp-json\/wp\/v2\/pages\/29086\/revisions"}],"predecessor-version":[{"id":30188,"href":"https:\/\/www.hispalicapropiedades.com\/fr\/wp-json\/wp\/v2\/pages\/29086\/revisions\/30188"}],"wp:attachment":[{"href":"https:\/\/www.hispalicapropiedades.com\/fr\/wp-json\/wp\/v2\/media?parent=29086"}],"curies":[{"name":"wp","href":"https:\/\/api.w.org\/{rel}","templated":true}]}}