{"id":30183,"date":"2025-08-04T12:18:01","date_gmt":"2025-08-04T10:18:01","guid":{"rendered":"https:\/\/www.hispalicapropiedades.com\/?page_id=30183"},"modified":"2026-01-22T17:01:14","modified_gmt":"2026-01-22T16:01:14","slug":"politique-de-confidentialite","status":"publish","type":"page","link":"https:\/\/www.hispalicapropiedades.com\/fr\/politique-de-confidentialite\/","title":{"rendered":"Politique de Confidentialit\u00e9"},"content":{"rendered":"<h3 data-start=\"5343\" data-end=\"5379\"><strong data-start=\"5352\" data-end=\"5379\">VOS DONN\u00c9ES EN S\u00c9CURIT\u00c9<\/strong><\/h3>\n<p data-start=\"5381\" data-end=\"5477\"><strong data-start=\"5381\" data-end=\"5477\">Informations en conformit\u00e9 avec la r\u00e9glementation sur la protection des donn\u00e9es personnelles<\/strong><\/p>\n<p data-start=\"5479\" data-end=\"5650\">En Europe et en Espagne, des normes de protection des donn\u00e9es ont \u00e9t\u00e9 \u00e9tablies pour prot\u00e9ger vos informations personnelles. Ces r\u00e8gles sont obligatoires pour notre entit\u00e9.<\/p>\n<p data-start=\"5652\" data-end=\"5801\">Il est donc tr\u00e8s important pour nous que vous compreniez parfaitement ce que nous allons faire avec les donn\u00e9es personnelles que nous vous demandons.<\/p>\n<p data-start=\"5803\" data-end=\"5988\">Nous serons transparents et vous donnerons le contr\u00f4le de vos donn\u00e9es, avec un langage clair et des options simples qui vous permettront de d\u00e9cider de l\u2019utilisation de vos informations.<\/p>\n<p data-start=\"5990\" data-end=\"6083\">Si, apr\u00e8s avoir lu ces informations, vous avez des questions, n\u2019h\u00e9sitez pas \u00e0 nous les poser.<\/p>\n<p data-start=\"6085\" data-end=\"6129\"><strong data-start=\"6085\" data-end=\"6129\">Merci beaucoup pour votre collaboration.<\/strong><\/p>\n<p data-start=\"6131\" data-end=\"6548\"><strong data-start=\"6131\" data-end=\"6152\">Qui sommes-nous ?<\/strong><br data-start=\"6152\" data-end=\"6155\" \/>Nom de notre soci\u00e9t\u00e9 : <strong data-start=\"6178\" data-end=\"6206\">Hispalica Propiedades SL<\/strong><br data-start=\"6206\" data-end=\"6209\" \/>Num\u00e9ro d\u2019identification fiscale : <strong data-start=\"6243\" data-end=\"6256\">B10653004<\/strong><br data-start=\"6256\" data-end=\"6259\" \/>Activit\u00e9 principale : <strong data-start=\"6281\" data-end=\"6303\">AGENCE IMMOBILI\u00c8RE<\/strong><br data-start=\"6303\" data-end=\"6306\" \/>Adresse : <strong data-start=\"6316\" data-end=\"6380\">Avenida San francisco Javier 20, 3e \u00e9tage, 41018 &#8211; S\u00e9ville (Espagne)<\/strong><br data-start=\"6380\" data-end=\"6383\" \/>T\u00e9l\u00e9phone : <strong data-start=\"6395\" data-end=\"6410\">722 147 065<\/strong><br data-start=\"6410\" data-end=\"6413\" \/>Email : <strong data-start=\"6421\" data-end=\"6458\"><a class=\"cursor-pointer\" rel=\"noopener\" data-start=\"6423\" data-end=\"6456\">mercedes@hispalicapropiedades.com<\/a><\/strong><br data-start=\"6458\" data-end=\"6461\" \/>Site Web : <a class=\"\" href=\"https:\/\/www.hispalicapropiedades.com\" target=\"_new\" rel=\"noopener\" data-start=\"6472\" data-end=\"6548\">https:\/\/www.hispalicapropiedades.com<\/a><\/p>\n<p data-start=\"6550\" data-end=\"6652\">Pour votre confiance et s\u00e9curit\u00e9, nous vous informons que nous sommes inscrits au registre suivant :<\/p>\n<p data-start=\"6654\" data-end=\"6825\">Notre activit\u00e9 est soumise \u00e0 un r\u00e9gime d\u2019autorisation administrative pr\u00e9alable. Nous vous communiquons les donn\u00e9es relatives \u00e0 cette autorisation et \u00e0 l\u2019organe comp\u00e9tent :<\/p>\n<ul data-start=\"6827\" data-end=\"6944\">\n<li data-start=\"6827\" data-end=\"6887\">\n<p data-start=\"6829\" data-end=\"6887\">Autorisation administrative<\/p>\n<\/li>\n<li data-start=\"6827\" data-end=\"6887\">\n<p data-start=\"6829\" data-end=\"6887\">Organe de supervision<\/p>\n<\/li>\n<\/ul>\n<p data-start=\"6946\" data-end=\"7037\">Le responsable de ce site exerce une profession r\u00e9glement\u00e9e. Informations compl\u00e9mentaires :<\/p>\n<ul data-start=\"7039\" data-end=\"7265\">\n<li data-start=\"7039\" data-end=\"7093\">\n<p data-start=\"7041\" data-end=\"7093\">Ordre professionnel<\/p>\n<\/li>\n<li data-start=\"7094\" data-end=\"7149\">\n<p data-start=\"7096\" data-end=\"7149\">Titre professionnel<\/p>\n<\/li>\n<li data-start=\"7150\" data-end=\"7209\">\n<p data-start=\"7152\" data-end=\"7209\">Pays de l\u2019UE o\u00f9 le dipl\u00f4me a \u00e9t\u00e9 d\u00e9livr\u00e9<\/p>\n<\/li>\n<li data-start=\"7210\" data-end=\"7265\">\n<p data-start=\"7212\" data-end=\"7265\">R\u00e8gles professionnelles applicables<\/p>\n<\/li>\n<\/ul>\n<p data-start=\"7267\" data-end=\"7324\">Nous restons \u00e0 votre disposition pour tout renseignement.<\/p>\n<p data-start=\"7326\" data-end=\"7498\"><strong data-start=\"7326\" data-end=\"7367\">Pourquoi utilisons-nous vos donn\u00e9es ?<\/strong><br data-start=\"7367\" data-end=\"7370\" \/>De mani\u00e8re g\u00e9n\u00e9rale, vos donn\u00e9es personnelles seront utilis\u00e9es pour \u00e9tablir une relation avec vous et vous fournir nos services.<\/p>\n<p data-start=\"7500\" data-end=\"7598\">Elles pourront \u00e9galement \u00eatre utilis\u00e9es \u00e0 des fins publicitaires ou de promotion de nos activit\u00e9s.<\/p>\n<p data-start=\"7600\" data-end=\"7853\"><strong data-start=\"7600\" data-end=\"7647\">Pourquoi avons-nous besoin de vos donn\u00e9es ?<\/strong><br data-start=\"7647\" data-end=\"7650\" \/>Elles sont n\u00e9cessaires pour pouvoir interagir avec vous et assurer nos services.<br data-start=\"7730\" data-end=\"7733\" \/>Des cases \u00e0 cocher vous seront propos\u00e9es pour vous permettre de choisir clairement comment vos donn\u00e9es seront utilis\u00e9es.<\/p>\n<p data-start=\"7855\" data-end=\"7949\"><strong data-start=\"7855\" data-end=\"7889\">Qui aura acc\u00e8s \u00e0 vos donn\u00e9es ?<\/strong><br data-start=\"7889\" data-end=\"7892\" \/>Seul notre personnel autoris\u00e9 aura acc\u00e8s \u00e0 vos donn\u00e9es.<\/p>\n<p data-start=\"7951\" data-end=\"8061\">D\u2019autres entit\u00e9s pourront y avoir acc\u00e8s si cela est n\u00e9cessaire pour vous fournir nos services (ex. : banques).<\/p>\n<p data-start=\"8063\" data-end=\"8173\">Des organismes publics ou priv\u00e9s y auront \u00e9galement acc\u00e8s si la loi l\u2019impose (ex. : l\u2019administration fiscale).<\/p>\n<p data-start=\"8175\" data-end=\"8266\">En dehors de ces cas, nous vous demanderons toujours votre consentement clair et pr\u00e9alable.<\/p>\n<p data-start=\"8268\" data-end=\"8505\"><strong data-start=\"8268\" data-end=\"8309\">Comment prot\u00e9geons-nous vos donn\u00e9es ?<\/strong><br data-start=\"8309\" data-end=\"8312\" \/>Nous appliquons des mesures de s\u00e9curit\u00e9 efficaces selon les risques li\u00e9s \u00e0 l\u2019usage de vos donn\u00e9es.<br data-start=\"8410\" data-end=\"8413\" \/>Nous avons adopt\u00e9 une politique de protection des donn\u00e9es et proc\u00e9dons \u00e0 des audits annuels.<\/p>\n<p data-start=\"8507\" data-end=\"8791\"><strong data-start=\"8507\" data-end=\"8562\">Vos donn\u00e9es seront-elles transf\u00e9r\u00e9es \u00e0 l\u2019\u00e9tranger ?<\/strong><br data-start=\"8562\" data-end=\"8565\" \/>Notre politique est de <strong data-start=\"8588\" data-end=\"8644\">ne pas transf\u00e9rer vos donn\u00e9es vers des pays non s\u00fbrs<\/strong> au regard du RGPD.<br data-start=\"8663\" data-end=\"8666\" \/>Si un tel transfert est n\u00e9cessaire, nous vous demanderons d\u2019abord votre autorisation et appliquerons les garanties ad\u00e9quates.<\/p>\n<p data-start=\"8793\" data-end=\"8996\"><strong data-start=\"8793\" data-end=\"8843\">Combien de temps conservons-nous vos donn\u00e9es ?<\/strong><br data-start=\"8843\" data-end=\"8846\" \/>Nous conserverons vos donn\u00e9es pendant notre relation contractuelle et tant que la loi l\u2019exige.<br data-start=\"8940\" data-end=\"8943\" \/>Elles seront ensuite supprim\u00e9es de mani\u00e8re s\u00e9curis\u00e9e.<\/p>\n<p data-start=\"8998\" data-end=\"9200\"><strong data-start=\"8998\" data-end=\"9025\">Quels sont vos droits ?<\/strong><br data-start=\"9025\" data-end=\"9028\" \/>Vous pouvez \u00e0 tout moment demander \u00e0 consulter, corriger ou supprimer vos donn\u00e9es.<br data-start=\"9110\" data-end=\"9113\" \/>Vous avez \u00e9galement le droit \u00e0 la <strong data-start=\"9147\" data-end=\"9162\">portabilit\u00e9<\/strong> de vos donn\u00e9es vers une autre entit\u00e9.<\/p>\n<p data-start=\"9202\" data-end=\"9376\">Pour exercer vos droits, envoyez une demande \u00e9crite avec une copie de votre pi\u00e8ce d\u2019identit\u00e9.<br data-start=\"9295\" data-end=\"9298\" \/>Nous disposons de formulaires sp\u00e9cifiques et pouvons vous aider \u00e0 les remplir.<\/p>\n<p data-start=\"9378\" data-end=\"9436\">Plus d\u2019informations sur <a class=\"\" href=\"https:\/\/www.agpd.es\" target=\"_new\" rel=\"noopener\" data-start=\"9402\" data-end=\"9436\">www.agpd.es<\/a><\/p>\n<p data-start=\"9438\" data-end=\"9527\"><strong data-start=\"9438\" data-end=\"9482\">Pouvez-vous retirer votre consentement ?<\/strong><br data-start=\"9482\" data-end=\"9485\" \/>Oui. Vous pouvez le retirer \u00e0 tout moment.<\/p>\n<p data-start=\"9529\" data-end=\"9689\">Par exemple, si vous aviez accept\u00e9 de recevoir de la publicit\u00e9 et ne le souhaitez plus, faites-le savoir via notre formulaire d\u2019opposition disponible en agence.<\/p>\n<p data-start=\"9691\" data-end=\"9870\"><strong data-start=\"9691\" data-end=\"9735\">O\u00f9 pouvez-vous d\u00e9poser une r\u00e9clamation ?<\/strong><br data-start=\"9735\" data-end=\"9738\" \/>Si vous estimez que vos droits ne sont pas respect\u00e9s, vous pouvez vous adresser \u00e0 l\u2019<strong data-start=\"9822\" data-end=\"9868\">Agence espagnole de protection des donn\u00e9es<\/strong> :<\/p>\n<ul data-start=\"9872\" data-end=\"10008\">\n<li data-start=\"9872\" data-end=\"9921\">\n<p data-start=\"9874\" data-end=\"9921\">Site Web : <a class=\"\" href=\"https:\/\/www.agpd.es\" target=\"_new\" rel=\"noopener\" data-start=\"9885\" data-end=\"9919\">www.agpd.es<\/a><\/p>\n<\/li>\n<li data-start=\"9922\" data-end=\"9967\">\n<p data-start=\"9924\" data-end=\"9967\">Adresse : C\/ Jorge Juan, 6 \u2013 28001 Madrid<\/p>\n<\/li>\n<li data-start=\"9968\" data-end=\"10008\">\n<p data-start=\"9970\" data-end=\"10008\">T\u00e9l\u00e9phone : 901 100 099 \/ 91 266 35 17<\/p>\n<\/li>\n<\/ul>\n<p data-start=\"10010\" data-end=\"10074\">Le d\u00e9p\u00f4t d\u2019une plainte est gratuit et ne n\u00e9cessite pas d\u2019avocat.<\/p>\n<p data-start=\"10076\" data-end=\"10281\"><strong data-start=\"10076\" data-end=\"10113\">Allons-nous \u00e9tablir des profils ?<\/strong><br data-start=\"10113\" data-end=\"10116\" \/>Notre politique est de <strong data-start=\"10139\" data-end=\"10181\">ne pas \u00e9tablir de profils utilisateurs<\/strong>.<br data-start=\"10182\" data-end=\"10185\" \/>Si cela est n\u00e9cessaire pour adapter nos services, des mesures de s\u00e9curit\u00e9 seront mises en place.<\/p>\n<p data-start=\"10283\" data-end=\"10414\"><strong data-start=\"10283\" data-end=\"10333\">Utiliserons-nous vos donn\u00e9es \u00e0 d\u2019autres fins ?<\/strong><br data-start=\"10333\" data-end=\"10336\" \/>Non. Et si cela change, nous vous demanderons votre autorisation au pr\u00e9alable.<\/p>\n","protected":false},"excerpt":{"rendered":"<p>VOS DONN\u00c9ES EN S\u00c9CURIT\u00c9 Informations en conformit\u00e9 avec la r\u00e9glementation sur la protection des donn\u00e9es personnelles En Europe et en Espagne, des normes de protection des donn\u00e9es ont \u00e9t\u00e9 \u00e9tablies pour prot\u00e9ger vos informations personnelles. Ces r\u00e8gles sont obligatoires pour notre entit\u00e9. Il est donc tr\u00e8s important pour nous que vous compreniez parfaitement ce que [&hellip;]<\/p>\n","protected":false},"author":2,"featured_media":0,"parent":0,"menu_order":0,"comment_status":"closed","ping_status":"closed","template":"","meta":{"footnotes":""},"acf":[],"_links":{"self":[{"href":"https:\/\/www.hispalicapropiedades.com\/fr\/wp-json\/wp\/v2\/pages\/30183"}],"collection":[{"href":"https:\/\/www.hispalicapropiedades.com\/fr\/wp-json\/wp\/v2\/pages"}],"about":[{"href":"https:\/\/www.hispalicapropiedades.com\/fr\/wp-json\/wp\/v2\/types\/page"}],"author":[{"embeddable":true,"href":"https:\/\/www.hispalicapropiedades.com\/fr\/wp-json\/wp\/v2\/users\/2"}],"replies":[{"embeddable":true,"href":"https:\/\/www.hispalicapropiedades.com\/fr\/wp-json\/wp\/v2\/comments?post=30183"}],"version-history":[{"count":2,"href":"https:\/\/www.hispalicapropiedades.com\/fr\/wp-json\/wp\/v2\/pages\/30183\/revisions"}],"predecessor-version":[{"id":31688,"href":"https:\/\/www.hispalicapropiedades.com\/fr\/wp-json\/wp\/v2\/pages\/30183\/revisions\/31688"}],"wp:attachment":[{"href":"https:\/\/www.hispalicapropiedades.com\/fr\/wp-json\/wp\/v2\/media?parent=30183"}],"curies":[{"name":"wp","href":"https:\/\/api.w.org\/{rel}","templated":true}]}}