{"id":30193,"date":"2025-08-04T12:29:54","date_gmt":"2025-08-04T10:29:54","guid":{"rendered":"https:\/\/www.hispalicapropiedades.com\/?page_id=30193"},"modified":"2025-09-23T23:32:05","modified_gmt":"2025-09-23T21:32:05","slug":"engagement-en-faveur-de-la-protection-des-donnees-personnelles","status":"publish","type":"page","link":"https:\/\/www.hispalicapropiedades.com\/fr\/engagement-en-faveur-de-la-protection-des-donnees-personnelles\/","title":{"rendered":"Engagement en faveur de la protection des donn\u00e9es personnelles"},"content":{"rendered":"<h2 data-start=\"4596\" data-end=\"4727\"><strong data-start=\"4604\" data-end=\"4727\">NOTRE ENGAGEMENT EN MATI\u00c8RE DE PROTECTION DES DONN\u00c9ES PERSONNELLES : \u201cDES PERSONNES INFORM\u00c9ES ET DES DONN\u00c9ES PROT\u00c9G\u00c9ES\u201d<\/strong><\/h2>\n<p data-start=\"4729\" data-end=\"5663\">La Direction \/ Organe de Gouvernance de <strong data-start=\"4769\" data-end=\"4797\">Hispalica Propiedades SL<\/strong> (ci-apr\u00e8s, le Responsable du Traitement) assume la plus haute responsabilit\u00e9 et l\u2019engagement ferme pour l\u2019\u00e9tablissement, la mise en \u0153uvre et le maintien de la pr\u00e9sente <strong data-start=\"4966\" data-end=\"5005\">Politique de Protection des Donn\u00e9es<\/strong>, garantissant l\u2019am\u00e9lioration continue du Responsable du Traitement dans le but d\u2019atteindre l\u2019excellence en mati\u00e8re de conformit\u00e9 au <strong data-start=\"5138\" data-end=\"5165\">R\u00e8glement (UE) 2016\/679<\/strong> du Parlement Europ\u00e9en et du Conseil du 27 avril 2016 relatif \u00e0 la protection des personnes physiques \u00e0 l\u2019\u00e9gard du traitement des donn\u00e9es \u00e0 caract\u00e8re personnel et \u00e0 la libre circulation de ces donn\u00e9es, et abrogeant la Directive 95\/46\/CE (R\u00e8glement G\u00e9n\u00e9ral sur la Protection des Donn\u00e9es \u2013 RGPD) (JOUE L 119\/1, 04-05-2016), ainsi qu\u2019\u00e0 la <strong data-start=\"5501\" data-end=\"5526\">l\u00e9gislation espagnole<\/strong> en mati\u00e8re de protection des donn\u00e9es personnelles (loi organique, l\u00e9gislation sectorielle sp\u00e9cifique et leurs r\u00e8glements d\u2019application).<\/p>\n<p data-start=\"5665\" data-end=\"5994\">La Politique de Protection des Donn\u00e9es de Hispalica Propiedades SL repose sur le principe de responsabilit\u00e9 proactive, selon lequel le Responsable du Traitement est responsable du respect du cadre juridique et jurisprudentiel r\u00e9gissant cette politique et doit \u00eatre en mesure de le d\u00e9montrer aux autorit\u00e9s de contr\u00f4le comp\u00e9tentes.<\/p>\n<p data-start=\"5996\" data-end=\"6190\">\u00c0 cet \u00e9gard, le Responsable du Traitement suivra les principes suivants, qui doivent servir de guide et de cadre de r\u00e9f\u00e9rence pour tout le personnel lors du traitement des donn\u00e9es personnelles :<\/p>\n<ul data-start=\"6192\" data-end=\"8805\">\n<li data-start=\"6192\" data-end=\"6634\">\n<p data-start=\"6194\" data-end=\"6634\"><strong data-start=\"6194\" data-end=\"6238\">Protection des donn\u00e9es d\u00e8s la conception<\/strong> : Le Responsable du Traitement appliquera, tant au moment de la d\u00e9termination des moyens de traitement qu\u2019au moment du traitement lui-m\u00eame, les mesures techniques et organisationnelles appropri\u00e9es, telles que la pseudonymisation, con\u00e7ues pour appliquer de mani\u00e8re effective les principes de protection des donn\u00e9es, comme la minimisation, et int\u00e9grer les garanties n\u00e9cessaires dans le traitement.<\/p>\n<\/li>\n<li data-start=\"6636\" data-end=\"6895\">\n<p data-start=\"6638\" data-end=\"6895\"><strong data-start=\"6638\" data-end=\"6675\">Protection des donn\u00e9es par d\u00e9faut<\/strong> : Le Responsable du Traitement appliquera les mesures techniques et organisationnelles appropri\u00e9es pour garantir que, par d\u00e9faut, seules les donn\u00e9es personnelles n\u00e9cessaires \u00e0 chaque finalit\u00e9 sp\u00e9cifique soient trait\u00e9es.<\/p>\n<\/li>\n<li data-start=\"6897\" data-end=\"7097\">\n<p data-start=\"6899\" data-end=\"7097\"><strong data-start=\"6899\" data-end=\"6970\">Protection des donn\u00e9es durant tout le cycle de vie de l\u2019information<\/strong> : Les mesures garantissant la protection des donn\u00e9es personnelles s\u2019appliqueront durant tout le cycle de vie de l\u2019information.<\/p>\n<\/li>\n<li data-start=\"7099\" data-end=\"7259\">\n<p data-start=\"7101\" data-end=\"7259\"><strong data-start=\"7101\" data-end=\"7138\">L\u00e9galit\u00e9, loyaut\u00e9 et transparence<\/strong> : Les donn\u00e9es personnelles seront trait\u00e9es de mani\u00e8re licite, loyale et transparente \u00e0 l\u2019\u00e9gard de la personne concern\u00e9e.<\/p>\n<\/li>\n<li data-start=\"7261\" data-end=\"7478\">\n<p data-start=\"7263\" data-end=\"7478\"><strong data-start=\"7263\" data-end=\"7291\">Limitation des finalit\u00e9s<\/strong> : Les donn\u00e9es personnelles seront collect\u00e9es pour des finalit\u00e9s d\u00e9termin\u00e9es, explicites et l\u00e9gitimes, et ne seront pas trait\u00e9es ult\u00e9rieurement de mani\u00e8re incompatible avec ces finalit\u00e9s.<\/p>\n<\/li>\n<li data-start=\"7480\" data-end=\"7664\">\n<p data-start=\"7482\" data-end=\"7664\"><strong data-start=\"7482\" data-end=\"7510\">Minimisation des donn\u00e9es<\/strong> : Les donn\u00e9es personnelles seront ad\u00e9quates, pertinentes et limit\u00e9es \u00e0 ce qui est n\u00e9cessaire au regard des finalit\u00e9s pour lesquelles elles sont trait\u00e9es.<\/p>\n<\/li>\n<li data-start=\"7666\" data-end=\"7879\">\n<p data-start=\"7668\" data-end=\"7879\"><strong data-start=\"7668\" data-end=\"7682\">Exactitude<\/strong> : Les donn\u00e9es personnelles seront exactes et, si n\u00e9cessaire, mises \u00e0 jour ; toutes les mesures raisonnables seront prises pour que les donn\u00e9es inexactes soient supprim\u00e9es ou rectifi\u00e9es sans d\u00e9lai.<\/p>\n<\/li>\n<li data-start=\"7881\" data-end=\"8108\">\n<p data-start=\"7883\" data-end=\"8108\"><strong data-start=\"7883\" data-end=\"7916\">Limitation de la conservation<\/strong> : Les donn\u00e9es personnelles seront conserv\u00e9es sous une forme permettant l\u2019identification des personnes concern\u00e9es pendant une dur\u00e9e n\u2019exc\u00e9dant pas celle n\u00e9cessaire \u00e0 la finalit\u00e9 du traitement.<\/p>\n<\/li>\n<li data-start=\"8110\" data-end=\"8436\">\n<p data-start=\"8112\" data-end=\"8436\"><strong data-start=\"8112\" data-end=\"8144\">Int\u00e9grit\u00e9 et confidentialit\u00e9<\/strong> : Les donn\u00e9es personnelles seront trait\u00e9es de mani\u00e8re \u00e0 garantir une s\u00e9curit\u00e9 appropri\u00e9e, y compris la protection contre les traitements non autoris\u00e9s ou illicites et contre la perte, la destruction ou les dommages accidentels, au moyen de mesures techniques ou organisationnelles ad\u00e9quates.<\/p>\n<\/li>\n<li data-start=\"8438\" data-end=\"8805\">\n<p data-start=\"8440\" data-end=\"8805\"><strong data-start=\"8440\" data-end=\"8468\">Information et formation<\/strong> : Une des cl\u00e9s pour garantir la protection des donn\u00e9es personnelles r\u00e9side dans la formation et l\u2019information du personnel impliqu\u00e9 dans leur traitement. Tout au long du cycle de vie de l\u2019information, tout membre du personnel ayant acc\u00e8s aux donn\u00e9es sera d\u00fbment inform\u00e9 et form\u00e9 sur ses obligations en mati\u00e8re de protection des donn\u00e9es.<\/p>\n<\/li>\n<\/ul>\n<p data-start=\"8807\" data-end=\"8985\">La pr\u00e9sente Politique de Protection des Donn\u00e9es est communiqu\u00e9e \u00e0 l\u2019ensemble du personnel du Responsable du Traitement et mise \u00e0 la disposition de toutes les parties int\u00e9ress\u00e9es.<\/p>\n<p data-start=\"8987\" data-end=\"9387\">Par cons\u00e9quent, cette politique implique tous les membres du personnel du Responsable du Traitement, qui doivent la conna\u00eetre, l\u2019int\u00e9grer et la consid\u00e9rer comme leur propre engagement, chacun \u00e9tant responsable de son application, de la v\u00e9rification des normes applicables \u00e0 ses activit\u00e9s et de l\u2019identification d\u2019\u00e9ventuelles am\u00e9liorations permettant d\u2019atteindre l\u2019excellence en mati\u00e8re de conformit\u00e9.<\/p>\n<p data-start=\"9389\" data-end=\"9627\">Cette Politique sera r\u00e9vis\u00e9e par la Direction \/ Organe de Gouvernance de Hispalica Propiedades SL aussi souvent que n\u00e9cessaire afin de s\u2019adapter \u00e0 tout moment aux dispositions l\u00e9gales en vigueur sur la protection des donn\u00e9es personnelles.<\/p>\n","protected":false},"excerpt":{"rendered":"<p>NOTRE ENGAGEMENT EN MATI\u00c8RE DE PROTECTION DES DONN\u00c9ES PERSONNELLES : \u201cDES PERSONNES INFORM\u00c9ES ET DES DONN\u00c9ES PROT\u00c9G\u00c9ES\u201d La Direction \/ Organe de Gouvernance de Hispalica Propiedades SL (ci-apr\u00e8s, le Responsable du Traitement) assume la plus haute responsabilit\u00e9 et l\u2019engagement ferme pour l\u2019\u00e9tablissement, la mise en \u0153uvre et le maintien de la pr\u00e9sente Politique de Protection [&hellip;]<\/p>\n","protected":false},"author":2,"featured_media":0,"parent":0,"menu_order":0,"comment_status":"closed","ping_status":"closed","template":"","meta":{"footnotes":""},"acf":[],"_links":{"self":[{"href":"https:\/\/www.hispalicapropiedades.com\/fr\/wp-json\/wp\/v2\/pages\/30193"}],"collection":[{"href":"https:\/\/www.hispalicapropiedades.com\/fr\/wp-json\/wp\/v2\/pages"}],"about":[{"href":"https:\/\/www.hispalicapropiedades.com\/fr\/wp-json\/wp\/v2\/types\/page"}],"author":[{"embeddable":true,"href":"https:\/\/www.hispalicapropiedades.com\/fr\/wp-json\/wp\/v2\/users\/2"}],"replies":[{"embeddable":true,"href":"https:\/\/www.hispalicapropiedades.com\/fr\/wp-json\/wp\/v2\/comments?post=30193"}],"version-history":[{"count":2,"href":"https:\/\/www.hispalicapropiedades.com\/fr\/wp-json\/wp\/v2\/pages\/30193\/revisions"}],"predecessor-version":[{"id":30978,"href":"https:\/\/www.hispalicapropiedades.com\/fr\/wp-json\/wp\/v2\/pages\/30193\/revisions\/30978"}],"wp:attachment":[{"href":"https:\/\/www.hispalicapropiedades.com\/fr\/wp-json\/wp\/v2\/media?parent=30193"}],"curies":[{"name":"wp","href":"https:\/\/api.w.org\/{rel}","templated":true}]}}