{"id":31610,"date":"2026-01-07T17:26:29","date_gmt":"2026-01-07T16:26:29","guid":{"rendered":"https:\/\/www.hispalicapropiedades.com\/?page_id=31610"},"modified":"2026-01-08T14:54:32","modified_gmt":"2026-01-08T13:54:32","slug":"estimez-votre-bien-immobilier","status":"publish","type":"page","link":"https:\/\/www.hispalicapropiedades.com\/fr\/estimez-votre-bien-immobilier\/","title":{"rendered":"Estimez votre bien immobilier"},"content":{"rendered":"<p>Demandez une estimation professionnelle gratuite et d\u00e9couvrez le v\u00e9ritable prix de march\u00e9 de votre logement, pour vendre en toute s\u00e9curit\u00e9.<\/p>\n<p>&nbsp;<\/p>\n<style id=\"wpforms-css-vars-31619\">\n\t\t\t\t#wpforms-31619 {\n\t\t\t\t--wpforms-container-padding: 0px;\n--wpforms-container-border-width: 1px;\n--wpforms-container-border-radius: 3px;\n--wpforms-background-color: rgba(0, 0, 0, 0);\n--wpforms-field-size-input-height: 43px;\n--wpforms-field-size-input-spacing: 15px;\n--wpforms-field-size-font-size: 16px;\n--wpforms-field-size-line-height: 19px;\n--wpforms-field-size-padding-h: 14px;\n--wpforms-field-size-checkbox-size: 16px;\n--wpforms-field-size-sublabel-spacing: 5px;\n--wpforms-field-size-icon-size: 1;\n--wpforms-label-size-font-size: 16px;\n--wpforms-label-size-line-height: 19px;\n--wpforms-label-size-sublabel-font-size: 14px;\n--wpforms-label-size-sublabel-line-height: 17px;\n--wpforms-button-size-font-size: 17px;\n--wpforms-button-size-height: 41px;\n--wpforms-button-size-padding-h: 15px;\n--wpforms-button-size-margin-top: 10px;\n--wpforms-container-shadow-size-box-shadow: none;\n\t\t\t}\n\t\t\t<\/style><div class=\"wpforms-container wpforms-container-full wpforms-render-modern\" id=\"wpforms-31619\"><form id=\"wpforms-form-31619\" class=\"wpforms-validate wpforms-form wpforms-ajax-form\" data-formid=\"31619\" method=\"post\" enctype=\"multipart\/form-data\" action=\"\/fr\/wp-json\/wp\/v2\/pages\/31610\" data-token=\"8b76aa4d13482cde8faaa9eccd20f7bd\" data-token-time=\"1777037790\"><noscript class=\"wpforms-error-noscript\">Veuillez activer JavaScript dans votre navigateur pour remplir ce formulaire.<\/noscript><div id=\"wpforms-error-noscript\" style=\"display: none;\">Veuillez activer JavaScript dans votre navigateur pour remplir ce formulaire.<\/div><div class=\"wpforms-field-container\"><div id=\"wpforms-31619-field_1-container\" class=\"wpforms-field wpforms-field-name\" data-field-id=\"1\"><fieldset><legend class=\"wpforms-field-label\">Nom et pr\u00e9nom <span class=\"wpforms-required-label\" aria-hidden=\"true\">*<\/span><\/legend><div class=\"wpforms-field-row wpforms-field-medium\"><div class=\"wpforms-field-row-block wpforms-first wpforms-one-half\"><input type=\"text\" id=\"wpforms-31619-field_1\" class=\"wpforms-field-name-first wpforms-field-required\" name=\"wpforms[fields][1][first]\" aria-errormessage=\"wpforms-31619-field_1-error\" required><label for=\"wpforms-31619-field_1\" class=\"wpforms-field-sublabel after\">Pr\u00e9nom<\/label><\/div><div class=\"wpforms-field-row-block wpforms-one-half\"><input type=\"text\" id=\"wpforms-31619-field_1-last\" class=\"wpforms-field-name-last wpforms-field-required\" name=\"wpforms[fields][1][last]\" aria-errormessage=\"wpforms-31619-field_1-last-error\" required><label for=\"wpforms-31619-field_1-last\" class=\"wpforms-field-sublabel after\">Nom<\/label><\/div><\/div><\/fieldset><\/div>\t\t<div id=\"wpforms-31619-field_7-container\"\n\t\t\tclass=\"wpforms-field wpforms-field-text\"\n\t\t\tdata-field-type=\"text\"\n\t\t\tdata-field-id=\"7\"\n\t\t\t>\n\t\t\t<label class=\"wpforms-field-label\" for=\"wpforms-31619-field_7\" >de Nom Informations<\/label>\n\t\t\t<input type=\"text\" id=\"wpforms-31619-field_7\" class=\"wpforms-field-medium\" name=\"wpforms[fields][7]\" >\n\t\t<\/div>\n\t\t<div id=\"wpforms-31619-field_2-container\" class=\"wpforms-field wpforms-field-email\" data-field-id=\"2\"><label class=\"wpforms-field-label\" for=\"wpforms-31619-field_2\">Email <span class=\"wpforms-required-label\" aria-hidden=\"true\">*<\/span><\/label><input type=\"email\" id=\"wpforms-31619-field_2\" class=\"wpforms-field-medium wpforms-field-required\" name=\"wpforms[fields][2]\" spellcheck=\"false\" aria-errormessage=\"wpforms-31619-field_2-error\" required><\/div><div id=\"wpforms-31619-field_4-container\" class=\"wpforms-field wpforms-field-text\" data-field-id=\"4\"><label class=\"wpforms-field-label\" for=\"wpforms-31619-field_4\">Adresse ou zone du bien <span class=\"wpforms-required-label\" aria-hidden=\"true\">*<\/span><\/label><input type=\"text\" id=\"wpforms-31619-field_4\" class=\"wpforms-field-medium wpforms-field-required\" name=\"wpforms[fields][4]\" aria-errormessage=\"wpforms-31619-field_4-error\" required><\/div><div id=\"wpforms-31619-field_5-container\" class=\"wpforms-field wpforms-field-select wpforms-field-select-style-classic\" data-field-id=\"5\"><label class=\"wpforms-field-label\" for=\"wpforms-31619-field_5\">Type de bien <span class=\"wpforms-required-label\" aria-hidden=\"true\">*<\/span><\/label><select id=\"wpforms-31619-field_5\" class=\"wpforms-field-medium wpforms-field-required\" name=\"wpforms[fields][5]\" required=\"required\"><option value=\"\" class=\"placeholder\" disabled  selected='selected'>--- Select Choice ---<\/option><option value=\"Appartement\"  class=\"choice-1 depth-1\"  >Appartement<\/option><option value=\"Maison \/ Villa\"  class=\"choice-2 depth-1\"  >Maison \/ Villa<\/option><option value=\"Penthouse\"  class=\"choice-3 depth-1\"  >Penthouse<\/option><option value=\"D\u00faplex\"  class=\"choice-4 depth-1\"  >D\u00faplex<\/option><option value=\"Autre\"  class=\"choice-5 depth-1\"  >Autre<\/option><\/select><\/div><div id=\"wpforms-31619-field_6-container\" class=\"wpforms-field wpforms-field-select wpforms-field-select-style-classic\" data-field-id=\"6\"><label class=\"wpforms-field-label\" for=\"wpforms-31619-field_6\">Raison de l\u2019estimation <span class=\"wpforms-required-label\" aria-hidden=\"true\">*<\/span><\/label><select id=\"wpforms-31619-field_6\" class=\"wpforms-field-medium wpforms-field-required\" name=\"wpforms[fields][6]\" required=\"required\"><option value=\"\" class=\"placeholder\" disabled  selected='selected'>--- Select Choice ---<\/option><option value=\"Je souhaite vendre dans les 3 prochains mois\"  class=\"choice-1 depth-1\"  >Je souhaite vendre dans les 3 prochains mois<\/option><option value=\"J\u2019envisage de vendre \u00e0 moyen terme\"  class=\"choice-2 depth-1\"  >J\u2019envisage de vendre \u00e0 moyen terme<\/option><option value=\"Je veux seulement conna\u00eetre la valeur actuelle\"  class=\"choice-3 depth-1\"  >Je veux seulement conna\u00eetre la valeur actuelle<\/option><\/select><\/div><div id=\"wpforms-31619-field_3-container\" class=\"wpforms-field wpforms-field-textarea\" data-field-id=\"3\"><label class=\"wpforms-field-label\" for=\"wpforms-31619-field_3\">Informations compl\u00e9mentaires<\/label><textarea id=\"wpforms-31619-field_3\" class=\"wpforms-field-medium\" name=\"wpforms[fields][3]\" aria-errormessage=\"wpforms-31619-field_3-error\" ><\/textarea><\/div><script>\n\t\t\t\t( function() {\n\t\t\t\t\tconst style = document.createElement( 'style' );\n\t\t\t\t\tstyle.appendChild( document.createTextNode( '#wpforms-31619-field_7-container { position: absolute !important; overflow: hidden !important; display: inline !important; height: 1px !important; width: 1px !important; z-index: -1000 !important; padding: 0 !important; } #wpforms-31619-field_7-container input { visibility: hidden; } #wpforms-conversational-form-page #wpforms-31619-field_7-container label { counter-increment: none; }' ) );\n\t\t\t\t\tdocument.head.appendChild( style );\n\t\t\t\t\tdocument.currentScript?.remove();\n\t\t\t\t} )();\n\t\t\t<\/script><\/div><!-- .wpforms-field-container --><div class=\"wpforms-submit-container\" ><input type=\"hidden\" name=\"wpforms[id]\" value=\"31619\"><input type=\"hidden\" name=\"page_title\" value=\"\"><input type=\"hidden\" name=\"page_url\" value=\"https:\/\/www.hispalicapropiedades.com\/fr\/wp-json\/wp\/v2\/pages\/31610\"><input type=\"hidden\" name=\"url_referer\" value=\"\"><button type=\"submit\" name=\"wpforms[submit]\" id=\"wpforms-submit-31619\" class=\"wpforms-submit\" data-alt-text=\"Sending...\" data-submit-text=\"Obtenir mon estimation gratuite\" aria-live=\"assertive\" value=\"wpforms-submit\">Obtenir mon estimation gratuite<\/button><img src=\"https:\/\/www.hispalicapropiedades.com\/wp-content\/plugins\/wpforms-lite\/assets\/images\/submit-spin.svg\" class=\"wpforms-submit-spinner\" style=\"display: none;\" width=\"26\" height=\"26\" alt=\"Chargement en cours\"><\/div><\/form><\/div>  <!-- .wpforms-container -->\n<p>&nbsp;<\/p>\n<p>Avec cette estimation, vous n\u2019obtiendrez pas seulement un\u00a0<strong>prix<\/strong>\u00a0approximatif. Vous recevrez \u00e9galement un rapport professionnel dans lequel nous analysons le potentiel r\u00e9el de votre bien : rentabilit\u00e9 estim\u00e9e (vente et\/ou location), profil de la demande actuelle dans votre zone et performance de biens similaires \u00e0 S\u00e9ville, Cadix, Huelva et Cordoue. Vous pourrez ainsi prendre des d\u00e9cisions \u00e9clair\u00e9es, en sachant quelle strat\u00e9gie a le plus de sens pour votre situation pr\u00e9cise.<\/p>\n","protected":false},"excerpt":{"rendered":"<p>Demandez une estimation professionnelle gratuite et d\u00e9couvrez le v\u00e9ritable prix de march\u00e9 de votre logement, pour vendre en toute s\u00e9curit\u00e9. &nbsp; &nbsp; Avec cette estimation, vous n\u2019obtiendrez pas seulement un\u00a0prix\u00a0approximatif. Vous recevrez \u00e9galement un rapport professionnel dans lequel nous analysons le potentiel r\u00e9el de votre bien : rentabilit\u00e9 estim\u00e9e (vente et\/ou location), profil de la [&hellip;]<\/p>\n","protected":false},"author":2,"featured_media":0,"parent":0,"menu_order":0,"comment_status":"closed","ping_status":"closed","template":"","meta":{"footnotes":""},"acf":[],"_links":{"self":[{"href":"https:\/\/www.hispalicapropiedades.com\/fr\/wp-json\/wp\/v2\/pages\/31610"}],"collection":[{"href":"https:\/\/www.hispalicapropiedades.com\/fr\/wp-json\/wp\/v2\/pages"}],"about":[{"href":"https:\/\/www.hispalicapropiedades.com\/fr\/wp-json\/wp\/v2\/types\/page"}],"author":[{"embeddable":true,"href":"https:\/\/www.hispalicapropiedades.com\/fr\/wp-json\/wp\/v2\/users\/2"}],"replies":[{"embeddable":true,"href":"https:\/\/www.hispalicapropiedades.com\/fr\/wp-json\/wp\/v2\/comments?post=31610"}],"version-history":[{"count":3,"href":"https:\/\/www.hispalicapropiedades.com\/fr\/wp-json\/wp\/v2\/pages\/31610\/revisions"}],"predecessor-version":[{"id":31645,"href":"https:\/\/www.hispalicapropiedades.com\/fr\/wp-json\/wp\/v2\/pages\/31610\/revisions\/31645"}],"wp:attachment":[{"href":"https:\/\/www.hispalicapropiedades.com\/fr\/wp-json\/wp\/v2\/media?parent=31610"}],"curies":[{"name":"wp","href":"https:\/\/api.w.org\/{rel}","templated":true}]}}