{"id":31632,"date":"2026-01-07T17:53:27","date_gmt":"2026-01-07T16:53:27","guid":{"rendered":"https:\/\/www.hispalicapropiedades.com\/?page_id=31632"},"modified":"2026-01-07T17:59:25","modified_gmt":"2026-01-07T16:59:25","slug":"calculez-votre-pret-immobilier","status":"publish","type":"page","link":"https:\/\/www.hispalicapropiedades.com\/fr\/calculez-votre-pret-immobilier\/","title":{"rendered":"Calculez"},"content":{"rendered":"<p>Simulez votre pr\u00eat immobilier en moins d\u2019une minute et obtenez une estimation de la mensualit\u00e9 pour ce bien, en fonction du montant emprunt\u00e9, de votre apport et de la dur\u00e9e qui correspondent le mieux \u00e0 votre situation :<\/p>\n<form action=\"https:\/\/www.hispalicapropiedades.com\/fr\/wp-json\/wp\/v2\/pages\/31632#lidd_mc_form\" id=\"lidd_mc_form\" class=\"lidd_mc_form\" method=\"post\"><div class=\"lidd_mc_input lidd_mc_input_light lidd_mc_input_responsive\"><label for=\"lidd_mc_total_amount\">Importe de la hipoteca<\/label><input type=\"text\" name=\"lidd_mc_total_amount\" id=\"lidd_mc_total_amount\" placeholder=\"\u20ac\" value=\"200000.00\" \/><span id=\"lidd_mc_total_amount-error\"><\/span><\/div><div class=\"lidd_mc_input lidd_mc_input_light lidd_mc_input_responsive\"><label for=\"lidd_mc_down_payment\">Entrada o Anticipo<\/label><input type=\"text\" name=\"lidd_mc_down_payment\" id=\"lidd_mc_down_payment\" placeholder=\"\u20ac\" value=\"40000.00\" \/><span id=\"lidd_mc_down_payment-error\"><\/span><\/div><div class=\"lidd_mc_input lidd_mc_input_light lidd_mc_input_responsive\"><label for=\"lidd_mc_interest_rate\">Tipo de inter\u00e9s anual (%)<\/label><input type=\"text\" name=\"lidd_mc_interest_rate\" id=\"lidd_mc_interest_rate\" placeholder=\"%\" value=\"3.50\" \/><span id=\"lidd_mc_interest_rate-error\"><\/span><\/div><div class=\"lidd_mc_input lidd_mc_input_light lidd_mc_input_responsive\"><label for=\"lidd_mc_amortization_period\">Plazo (a\u00f1os)<\/label><input type=\"text\" name=\"lidd_mc_amortization_period\" id=\"lidd_mc_amortization_period\" placeholder=\"ann\u00e9es\" value=\"30\" \/><span id=\"lidd_mc_amortization_period-error\"><\/span><\/div><input type=\"hidden\" name=\"lidd_mc_payment_period\" id=\"lidd_mc_payment_period\" value=\"12\" \/><div class=\"lidd_mc_input\"><input type=\"submit\" name=\"lidd_mc_submit\" id=\"lidd_mc_submit\" value=\"Calcular cuota\"\/><\/div><\/form><form action=\"https:\/\/www.mlcalc.com\/\" method=\"post\" id=\"lidd_mc_mlc_form\" target=\"MLCalcFrame\"><input type=\"hidden\" name=\"ml\" value=\"mortgage\" \/><input type=\"hidden\" name=\"cl\" value=\"true\" \/><input type=\"hidden\" name=\"wg\" value=\"widget\" \/><input type=\"hidden\" name=\"wt\" value=\"rmc\" \/><input type=\"hidden\" name=\"cr\" value=\"EUR\" \/><input type=\"hidden\" name=\"cr\" value=\"usd\" \/><input type=\"hidden\" name=\"wl\" value=\"en\" \/><input type=\"hidden\" name=\"ma\" value=\"300000.00\" \/><input type=\"hidden\" name=\"dp\" value=\"60000.00\" \/><input type=\"hidden\" name=\"mt\" value=\"30\" \/><input type=\"hidden\" name=\"ir\" value=\"5.00\" \/><input type=\"hidden\" name=\"pt\" value=\"0\" \/><input type=\"hidden\" name=\"pi\" value=\"0\" \/><input type=\"hidden\" name=\"mi\" value=\"0\" \/><\/form><div id=\"lidd_mc_details\" class=\"lidd_mc_details\"><div id=\"lidd_mc_results\" class=\"lidd_mc_results\"><\/div><span id=\"lidd_mc_inspector\"><img src=\"https:\/\/www.hispalicapropiedades.com\/wp-content\/plugins\/responsive-mortgage-calculator\/img\/icon_graph.png\" width=\"12\" alt=\"pr\u00e9stamo hipotecario\" \/><\/span><div id=\"lidd_mc_summary\" class=\"lidd_mc_summary lidd_mc_summary_light\" style=\"display: block;\"><\/div><\/div>\n<p><em>Il s\u2019agit d\u2019une estimation indicative et non contractuelle. Les r\u00e9sultats sont approximatifs et fournis uniquement \u00e0 titre informatif. Pour une \u00e9tude financi\u00e8re personnalis\u00e9e, avec des conditions \u00e0 jour et une proposition adapt\u00e9e \u00e0 votre profil, veuillez contacter notre \u00e9quipe de conseil en financement immobilier, qui vous aidera \u00e0 trouver la meilleure solution de financement.<\/em><\/p>\n","protected":false},"excerpt":{"rendered":"<p>Simulez votre pr\u00eat immobilier en moins d\u2019une minute et obtenez une estimation de la mensualit\u00e9 pour ce bien, en fonction du montant emprunt\u00e9, de votre apport et de la dur\u00e9e qui correspondent le mieux \u00e0 votre situation : Il s\u2019agit d\u2019une estimation indicative et non contractuelle. Les r\u00e9sultats sont approximatifs et fournis uniquement \u00e0 titre [&hellip;]<\/p>\n","protected":false},"author":2,"featured_media":0,"parent":0,"menu_order":0,"comment_status":"closed","ping_status":"closed","template":"","meta":{"footnotes":""},"acf":[],"_links":{"self":[{"href":"https:\/\/www.hispalicapropiedades.com\/fr\/wp-json\/wp\/v2\/pages\/31632"}],"collection":[{"href":"https:\/\/www.hispalicapropiedades.com\/fr\/wp-json\/wp\/v2\/pages"}],"about":[{"href":"https:\/\/www.hispalicapropiedades.com\/fr\/wp-json\/wp\/v2\/types\/page"}],"author":[{"embeddable":true,"href":"https:\/\/www.hispalicapropiedades.com\/fr\/wp-json\/wp\/v2\/users\/2"}],"replies":[{"embeddable":true,"href":"https:\/\/www.hispalicapropiedades.com\/fr\/wp-json\/wp\/v2\/comments?post=31632"}],"version-history":[{"count":3,"href":"https:\/\/www.hispalicapropiedades.com\/fr\/wp-json\/wp\/v2\/pages\/31632\/revisions"}],"predecessor-version":[{"id":31638,"href":"https:\/\/www.hispalicapropiedades.com\/fr\/wp-json\/wp\/v2\/pages\/31632\/revisions\/31638"}],"wp:attachment":[{"href":"https:\/\/www.hispalicapropiedades.com\/fr\/wp-json\/wp\/v2\/media?parent=31632"}],"curies":[{"name":"wp","href":"https:\/\/api.w.org\/{rel}","templated":true}]}}